{"id":6074,"date":"2022-02-20T10:19:37","date_gmt":"2022-02-20T07:19:37","guid":{"rendered":"https:\/\/the7.io\/elementor-agency\/?page_id=5851"},"modified":"2022-05-19T12:37:17","modified_gmt":"2022-05-19T09:37:17","slug":"iletisim","status":"publish","type":"page","link":"https:\/\/onepowerqualitysupport.com\/en\/iletisim\/","title":{"rendered":"CONTACT"},"content":{"rendered":"<div data-elementor-type=\"wp-page\" data-elementor-id=\"6074\" class=\"elementor elementor-6074\" data-elementor-post-type=\"page\">\n\t\t\t\t\t\t\t\t\t<section class=\"elementor-section elementor-top-section elementor-element elementor-element-9004763 elementor-section-boxed elementor-section-height-default elementor-section-height-default\" data-id=\"9004763\" data-element_type=\"section\">\n\t\t\t\t\t\t<div class=\"elementor-container elementor-column-gap-wider\">\n\t\t\t\t\t<div class=\"elementor-column elementor-col-100 elementor-top-column elementor-element elementor-element-b8748d9\" data-id=\"b8748d9\" data-element_type=\"column\">\n\t\t\t<div class=\"elementor-widget-wrap elementor-element-populated\">\n\t\t\t\t\t\t\t\t<div class=\"elementor-element elementor-element-1319104 content-align-center icon-position-top icon-vertical-align-center icon-box-vertical-align-top elementor-widget elementor-widget-the7_icon_box_grid_widget\" data-id=\"1319104\" data-element_type=\"widget\" data-widget_type=\"the7_icon_box_grid_widget.default\">\n\t\t\t\t<div class=\"elementor-widget-container\">\n\t\t\t<div class=\"the7-box-grid-wrapper the7-elementor-widget loading-effect-none the7_icon_box_grid_widget-1319104\">\t\t\t<div class=\"dt-css-grid\">\n\t\t\t\t\t\t\t\t\t<div class=\"wf-cell shown\">\n\t\t\t\t\t\t<div class=\"the7-icon-box-grid\">\t\t\t\t\t\t\t<div class=\"box-content-wrapper\">\n\t\t\t\t\t\t\t\t\t\t\t\t\t\t\t\t\t<a class=\"elementor-icon-div\" >\t\t\t\t\t\t\t\t\t\t<div class=\"elementor-icon\">\n\t\t\t\t\t\t\t\t\t\t\t<i aria-hidden=\"true\" class=\"the7feather- the7-feather-map-pin\"><\/i>\t\t\t\t\t\t\t\t\t\t<\/div>\n\t\t\t\t\t\t\t\t\t<\/a>\t\t\t\t\t\t\t\t\t\t\t\t\t\t\t\t<div class=\"box-content\">\n\t\t\t\t\t\t\t\t\t\t\t\t\t\t\t\t\t\t\t\t\t\t\t\t\t\t\t\t\t<h4 class=\"box-heading\">\n\t\t\t\t\t\t\t\t\t\t\t<a >\t\t\t\t\t\t\t\t\t\t\t\tT\u0131\u011fc\u0131lar Mah. Atat\u00fcrk Bulvar\u0131 No: 73\/301\t\t\t\t\t\t\t\t\t\t\t<\/a>\t\t\t\t\t\t\t\t\t\t<\/h4>\n\t\t\t\t\t\t\t\t\t\t\t\t\t\t\t\t\t\t\t\t\t\t\t\t\t\t\t\t<div class=\"box-description\"><p>Adapazar\u0131 \/ SAKARYA<\/p><\/div>\n\t\t\t\t\t\t\t\t\t\t\t\t\t\t\t\t\t\t\t\t\t\t\t\t\t\t<\/div>\n\t\t\t\t\t\t\t<\/div>\n\t\t\t\t\t\t<\/div>\t\t\t\t\t<\/div>\n\t\t\t\t\t\t\t\t\t<div class=\"wf-cell shown\">\n\t\t\t\t\t\t<div class=\"the7-icon-box-grid\">\t\t\t\t\t\t\t<div class=\"box-content-wrapper\">\n\t\t\t\t\t\t\t\t\t\t\t\t\t\t\t\t\t<a class=\"elementor-icon-div\" href=\"mailto:info@onepowerqualitysupport.com\">\t\t\t\t\t\t\t\t\t\t<div class=\"elementor-icon\">\n\t\t\t\t\t\t\t\t\t\t\t<i aria-hidden=\"true\" class=\"the7feather- the7-feather-mail\"><\/i>\t\t\t\t\t\t\t\t\t\t<\/div>\n\t\t\t\t\t\t\t\t\t<\/a>\t\t\t\t\t\t\t\t\t\t\t\t\t\t\t\t<div class=\"box-content\">\n\t\t\t\t\t\t\t\t\t\t\t\t\t\t\t\t\t\t\t\t\t\t\t\t\t\t\t\t\t<h4 class=\"box-heading\">\n\t\t\t\t\t\t\t\t\t\t\t<a href=\"mailto:info@onepowerqualitysupport.com\">\t\t\t\t\t\t\t\t\t\t\t\tinfo@onepowerqualitysupport.com\t\t\t\t\t\t\t\t\t\t\t<\/a>\t\t\t\t\t\t\t\t\t\t<\/h4>\n\t\t\t\t\t\t\t\t\t\t\t\t\t\t\t\t\t\t\t\t\t\t\t\t\t\t\t\t\t\t\t\t\t\t\t<\/div>\n\t\t\t\t\t\t\t<\/div>\n\t\t\t\t\t\t<\/div>\t\t\t\t\t<\/div>\n\t\t\t\t\t\t\t\t\t<div class=\"wf-cell shown\">\n\t\t\t\t\t\t<div class=\"the7-icon-box-grid\">\t\t\t\t\t\t\t<div class=\"box-content-wrapper\">\n\t\t\t\t\t\t\t\t\t\t\t\t\t\t\t\t\t<a class=\"elementor-icon-div\" href=\"tel:+905385104606\">\t\t\t\t\t\t\t\t\t\t<div class=\"elementor-icon\">\n\t\t\t\t\t\t\t\t\t\t\t<i aria-hidden=\"true\" class=\"the7feather- the7-feather-phone-call\"><\/i>\t\t\t\t\t\t\t\t\t\t<\/div>\n\t\t\t\t\t\t\t\t\t<\/a>\t\t\t\t\t\t\t\t\t\t\t\t\t\t\t\t<div class=\"box-content\">\n\t\t\t\t\t\t\t\t\t\t\t\t\t\t\t\t\t\t\t\t\t\t\t\t\t\t\t\t\t<h4 class=\"box-heading\">\n\t\t\t\t\t\t\t\t\t\t\t<a href=\"tel:+905385104606\">\t\t\t\t\t\t\t\t\t\t\t\t+90 538 510 46 06\t\t\t\t\t\t\t\t\t\t\t<\/a>\t\t\t\t\t\t\t\t\t\t<\/h4>\n\t\t\t\t\t\t\t\t\t\t\t\t\t\t\t\t\t\t\t\t\t\t\t\t\t\t\t\t\t\t\t\t\t\t\t<\/div>\n\t\t\t\t\t\t\t<\/div>\n\t\t\t\t\t\t<\/div>\t\t\t\t\t<\/div>\n\t\t\t\t\t\t\t<\/div>\n\t\t<\/div>\t\t<\/div>\n\t\t\t\t<\/div>\n\t\t\t\t\t<\/div>\n\t\t<\/div>\n\t\t\t\t\t\t\t<\/div>\n\t\t<\/section>\n\t\t\t\t<section class=\"elementor-section elementor-top-section elementor-element elementor-element-c0ce838 elementor-section-boxed elementor-section-height-default elementor-section-height-default\" data-id=\"c0ce838\" data-element_type=\"section\">\n\t\t\t\t\t\t<div class=\"elementor-container elementor-column-gap-wider\">\n\t\t\t\t\t<div class=\"elementor-column elementor-col-100 elementor-top-column elementor-element elementor-element-f1d4ca1\" data-id=\"f1d4ca1\" data-element_type=\"column\">\n\t\t\t<div class=\"elementor-widget-wrap elementor-element-populated\">\n\t\t\t\t\t\t\t\t<div class=\"elementor-element elementor-element-88c28d5 elementor-widget elementor-widget-google_maps\" data-id=\"88c28d5\" data-element_type=\"widget\" data-widget_type=\"google_maps.default\">\n\t\t\t\t<div class=\"elementor-widget-container\">\n\t\t\t\t\t<div class=\"elementor-custom-embed\">\n\t\t\t<iframe loading=\"lazy\"\n\t\t\t\t\tsrc=\"https:\/\/maps.google.com\/maps?q=Atat%C3%BCrk%20Blv.%20No%3A73%20T%C4%B1%C4%9Fc%C4%B1lar%2054100%20Adapazar%C4%B1%2FSakarya&#038;t=m&#038;z=14&#038;output=embed&#038;iwloc=near\"\n\t\t\t\t\ttitle=\"Atat\u00fcrk Blv. No:73 T\u0131\u011fc\u0131lar 54100 Adapazar\u0131\/Sakarya\"\n\t\t\t\t\taria-label=\"Atat\u00fcrk Blv. No:73 T\u0131\u011fc\u0131lar 54100 Adapazar\u0131\/Sakarya\"\n\t\t\t><\/iframe>\n\t\t<\/div>\n\t\t\t\t<\/div>\n\t\t\t\t<\/div>\n\t\t\t\t\t<\/div>\n\t\t<\/div>\n\t\t\t\t\t\t\t<\/div>\n\t\t<\/section>\n\t\t\t\t\t\t\t<\/div>","protected":false},"excerpt":{"rendered":"<p>T\u0131\u011fc\u0131lar Mah. Atat\u00fcrk Bulvar\u0131 No: 73\/301 Adapazar\u0131 \/ SAKARYA info@onepowerqualitysupport.com +90 538 510 46 06<\/p>","protected":false},"author":1,"featured_media":0,"parent":0,"menu_order":3,"comment_status":"closed","ping_status":"closed","template":"","meta":{"footnotes":""},"class_list":["post-6074","page","type-page","status-publish","hentry"],"yoast_head":"<!-- This site is optimized with the Yoast SEO plugin v27.4 - https:\/\/yoast.com\/product\/yoast-seo-wordpress\/ -->\n<title>\u0130LET\u0130\u015e\u0130M - Onepower Quality Support<\/title>\n<meta name=\"robots\" content=\"index, follow, max-snippet:-1, max-image-preview:large, max-video-preview:-1\" \/>\n<link rel=\"canonical\" href=\"https:\/\/onepowerqualitysupport.com\/en\/iletisim\/\" \/>\n<meta property=\"og:locale\" content=\"en_US\" \/>\n<meta property=\"og:type\" content=\"article\" \/>\n<meta property=\"og:title\" content=\"\u0130LET\u0130\u015e\u0130M - Onepower Quality Support\" \/>\n<meta property=\"og:description\" content=\"T\u0131\u011fc\u0131lar Mah. Atat\u00fcrk Bulvar\u0131 No: 73\/301 Adapazar\u0131 \/ SAKARYA info@onepowerqualitysupport.com +90 538 510 46 06\" \/>\n<meta property=\"og:url\" content=\"https:\/\/onepowerqualitysupport.com\/en\/iletisim\/\" \/>\n<meta property=\"og:site_name\" content=\"Onepower Quality Support\" \/>\n<meta property=\"article:modified_time\" content=\"2022-05-19T09:37:17+00:00\" \/>\n<meta name=\"twitter:card\" content=\"summary_large_image\" \/>\n<meta name=\"twitter:label1\" content=\"Est. reading time\" \/>\n\t<meta name=\"twitter:data1\" content=\"1 minute\" \/>\n<script type=\"application\/ld+json\" class=\"yoast-schema-graph\">{\"@context\":\"https:\\\/\\\/schema.org\",\"@graph\":[{\"@type\":\"WebPage\",\"@id\":\"https:\\\/\\\/onepowerqualitysupport.com\\\/en\\\/iletisim\\\/\",\"url\":\"https:\\\/\\\/onepowerqualitysupport.com\\\/en\\\/iletisim\\\/\",\"name\":\"\u0130LET\u0130\u015e\u0130M - Onepower Quality Support\",\"isPartOf\":{\"@id\":\"https:\\\/\\\/onepowerqualitysupport.com\\\/en\\\/#website\"},\"datePublished\":\"2022-02-20T07:19:37+00:00\",\"dateModified\":\"2022-05-19T09:37:17+00:00\",\"breadcrumb\":{\"@id\":\"https:\\\/\\\/onepowerqualitysupport.com\\\/en\\\/iletisim\\\/#breadcrumb\"},\"inLanguage\":\"en-US\",\"potentialAction\":[{\"@type\":\"ReadAction\",\"target\":[\"https:\\\/\\\/onepowerqualitysupport.com\\\/en\\\/iletisim\\\/\"]}]},{\"@type\":\"BreadcrumbList\",\"@id\":\"https:\\\/\\\/onepowerqualitysupport.com\\\/en\\\/iletisim\\\/#breadcrumb\",\"itemListElement\":[{\"@type\":\"ListItem\",\"position\":1,\"name\":\"Anasayfa\",\"item\":\"https:\\\/\\\/onepowerqualitysupport.com\\\/\"},{\"@type\":\"ListItem\",\"position\":2,\"name\":\"\u0130LET\u0130\u015e\u0130M\"}]},{\"@type\":\"WebSite\",\"@id\":\"https:\\\/\\\/onepowerqualitysupport.com\\\/en\\\/#website\",\"url\":\"https:\\\/\\\/onepowerqualitysupport.com\\\/en\\\/\",\"name\":\"Onepower Quality Support\",\"description\":\"\",\"publisher\":{\"@id\":\"https:\\\/\\\/onepowerqualitysupport.com\\\/en\\\/#organization\"},\"potentialAction\":[{\"@type\":\"SearchAction\",\"target\":{\"@type\":\"EntryPoint\",\"urlTemplate\":\"https:\\\/\\\/onepowerqualitysupport.com\\\/en\\\/?s={search_term_string}\"},\"query-input\":{\"@type\":\"PropertyValueSpecification\",\"valueRequired\":true,\"valueName\":\"search_term_string\"}}],\"inLanguage\":\"en-US\"},{\"@type\":\"Organization\",\"@id\":\"https:\\\/\\\/onepowerqualitysupport.com\\\/en\\\/#organization\",\"name\":\"Onepower Quality Support\",\"url\":\"https:\\\/\\\/onepowerqualitysupport.com\\\/en\\\/\",\"logo\":{\"@type\":\"ImageObject\",\"inLanguage\":\"en-US\",\"@id\":\"https:\\\/\\\/onepowerqualitysupport.com\\\/en\\\/#\\\/schema\\\/logo\\\/image\\\/\",\"url\":\"https:\\\/\\\/onepowerqualitysupport.com\\\/wp-content\\\/uploads\\\/2022\\\/05\\\/icon-light.png\",\"contentUrl\":\"https:\\\/\\\/onepowerqualitysupport.com\\\/wp-content\\\/uploads\\\/2022\\\/05\\\/icon-light.png\",\"width\":500,\"height\":500,\"caption\":\"Onepower Quality Support\"},\"image\":{\"@id\":\"https:\\\/\\\/onepowerqualitysupport.com\\\/en\\\/#\\\/schema\\\/logo\\\/image\\\/\"}}]}<\/script>\n<!-- \/ Yoast SEO plugin. -->","yoast_head_json":{"title":"\u0130LET\u0130\u015e\u0130M - Onepower Quality Support","robots":{"index":"index","follow":"follow","max-snippet":"max-snippet:-1","max-image-preview":"max-image-preview:large","max-video-preview":"max-video-preview:-1"},"canonical":"https:\/\/onepowerqualitysupport.com\/en\/iletisim\/","og_locale":"en_US","og_type":"article","og_title":"\u0130LET\u0130\u015e\u0130M - Onepower Quality Support","og_description":"T\u0131\u011fc\u0131lar Mah. Atat\u00fcrk Bulvar\u0131 No: 73\/301 Adapazar\u0131 \/ SAKARYA info@onepowerqualitysupport.com +90 538 510 46 06","og_url":"https:\/\/onepowerqualitysupport.com\/en\/iletisim\/","og_site_name":"Onepower Quality Support","article_modified_time":"2022-05-19T09:37:17+00:00","twitter_card":"summary_large_image","twitter_misc":{"Est. reading time":"1 minute"},"schema":{"@context":"https:\/\/schema.org","@graph":[{"@type":"WebPage","@id":"https:\/\/onepowerqualitysupport.com\/en\/iletisim\/","url":"https:\/\/onepowerqualitysupport.com\/en\/iletisim\/","name":"\u0130LET\u0130\u015e\u0130M - Onepower Quality Support","isPartOf":{"@id":"https:\/\/onepowerqualitysupport.com\/en\/#website"},"datePublished":"2022-02-20T07:19:37+00:00","dateModified":"2022-05-19T09:37:17+00:00","breadcrumb":{"@id":"https:\/\/onepowerqualitysupport.com\/en\/iletisim\/#breadcrumb"},"inLanguage":"en-US","potentialAction":[{"@type":"ReadAction","target":["https:\/\/onepowerqualitysupport.com\/en\/iletisim\/"]}]},{"@type":"BreadcrumbList","@id":"https:\/\/onepowerqualitysupport.com\/en\/iletisim\/#breadcrumb","itemListElement":[{"@type":"ListItem","position":1,"name":"Anasayfa","item":"https:\/\/onepowerqualitysupport.com\/"},{"@type":"ListItem","position":2,"name":"\u0130LET\u0130\u015e\u0130M"}]},{"@type":"WebSite","@id":"https:\/\/onepowerqualitysupport.com\/en\/#website","url":"https:\/\/onepowerqualitysupport.com\/en\/","name":"Onepower Quality Support","description":"","publisher":{"@id":"https:\/\/onepowerqualitysupport.com\/en\/#organization"},"potentialAction":[{"@type":"SearchAction","target":{"@type":"EntryPoint","urlTemplate":"https:\/\/onepowerqualitysupport.com\/en\/?s={search_term_string}"},"query-input":{"@type":"PropertyValueSpecification","valueRequired":true,"valueName":"search_term_string"}}],"inLanguage":"en-US"},{"@type":"Organization","@id":"https:\/\/onepowerqualitysupport.com\/en\/#organization","name":"Onepower Quality Support","url":"https:\/\/onepowerqualitysupport.com\/en\/","logo":{"@type":"ImageObject","inLanguage":"en-US","@id":"https:\/\/onepowerqualitysupport.com\/en\/#\/schema\/logo\/image\/","url":"https:\/\/onepowerqualitysupport.com\/wp-content\/uploads\/2022\/05\/icon-light.png","contentUrl":"https:\/\/onepowerqualitysupport.com\/wp-content\/uploads\/2022\/05\/icon-light.png","width":500,"height":500,"caption":"Onepower Quality Support"},"image":{"@id":"https:\/\/onepowerqualitysupport.com\/en\/#\/schema\/logo\/image\/"}}]}},"_links":{"self":[{"href":"https:\/\/onepowerqualitysupport.com\/en\/wp-json\/wp\/v2\/pages\/6074","targetHints":{"allow":["GET"]}}],"collection":[{"href":"https:\/\/onepowerqualitysupport.com\/en\/wp-json\/wp\/v2\/pages"}],"about":[{"href":"https:\/\/onepowerqualitysupport.com\/en\/wp-json\/wp\/v2\/types\/page"}],"author":[{"embeddable":true,"href":"https:\/\/onepowerqualitysupport.com\/en\/wp-json\/wp\/v2\/users\/1"}],"replies":[{"embeddable":true,"href":"https:\/\/onepowerqualitysupport.com\/en\/wp-json\/wp\/v2\/comments?post=6074"}],"version-history":[{"count":19,"href":"https:\/\/onepowerqualitysupport.com\/en\/wp-json\/wp\/v2\/pages\/6074\/revisions"}],"predecessor-version":[{"id":7231,"href":"https:\/\/onepowerqualitysupport.com\/en\/wp-json\/wp\/v2\/pages\/6074\/revisions\/7231"}],"wp:attachment":[{"href":"https:\/\/onepowerqualitysupport.com\/en\/wp-json\/wp\/v2\/media?parent=6074"}],"curies":[{"name":"wp","href":"https:\/\/api.w.org\/{rel}","templated":true}]}}